{"id":54,"date":"2026-03-12T07:01:51","date_gmt":"2026-03-12T07:01:51","guid":{"rendered":"https:\/\/marek.pavlik.website.tuke.sk\/?page_id=54"},"modified":"2026-03-18T19:10:50","modified_gmt":"2026-03-18T19:10:50","slug":"smart-power-systems-collaboration-integration","status":"publish","type":"page","link":"https:\/\/marek.pavlik.website.tuke.sk\/?page_id=54","title":{"rendered":"Smart Power Systems Collaboration &#038; Integration"},"content":{"rendered":"<h1 class=\"wp-block-post-title has-superbfont-xlarge-font-size\" style=\"text-align: center;\">Smart Power Systems Collaboration &amp; Integration<\/h1>\n<div class=\"wp-block-column is-vertically-aligned-center is-layout-flow wp-block-column-is-layout-flow\">\n<h2 style=\"text-align: center;\"><img loading=\"lazy\" decoding=\"async\" class=\"alignnone size-medium wp-image-22\" src=\"https:\/\/marek.pavlik.website.tuke.sk\/wp-content\/uploads\/2025\/12\/VF-logotype-black-300x137.png\" alt=\"\" width=\"300\" height=\"137\" srcset=\"https:\/\/marek.pavlik.website.tuke.sk\/wp-content\/uploads\/2025\/12\/VF-logotype-black-300x137.png 300w, https:\/\/marek.pavlik.website.tuke.sk\/wp-content\/uploads\/2025\/12\/VF-logotype-black-1024x469.png 1024w, https:\/\/marek.pavlik.website.tuke.sk\/wp-content\/uploads\/2025\/12\/VF-logotype-black-768x352.png 768w, https:\/\/marek.pavlik.website.tuke.sk\/wp-content\/uploads\/2025\/12\/VF-logotype-black-1536x704.png 1536w, https:\/\/marek.pavlik.website.tuke.sk\/wp-content\/uploads\/2025\/12\/VF-logotype-black-2048x938.png 2048w\" sizes=\"auto, (max-width: 300px) 100vw, 300px\" \/><\/h2>\n<h2 class=\"wp-block-heading has-text-align-center\" style=\"text-align: center;\">Workshop<\/h2>\n<p class=\"has-text-align-center has-primary-color has-text-color has-link-color wp-elements-3de3d64478116e05fe29c8d1a0bd893d\" style=\"text-align: center;\">16.03.2026 \u2013 18.03.2026<\/p>\n<p class=\"has-text-align-center has-primary-color has-text-color has-link-color wp-elements-08f726e61ff11e3d2dee36251a36f48b\" style=\"text-align: center;\"><strong>Hotel Kontakt, Star\u00e1 Lesn\u00e1, Slovakia<\/strong><\/p>\n<p style=\"text-align: center;\">\n<\/div>\n<p class=\"has-text-align-center has-primary-color has-text-color has-link-color wp-elements-dccb665bd1fa83844837bb286be99adb\"><strong>Organizer:<\/strong><\/p>\n<p class=\"has-text-align-center has-primary-color has-text-color has-link-color wp-elements-17271c677444cfca2a55b5d4bd03033f\">Department of Electric Power Engineering, Faculty of Electrical Engineering and Informatics, Technical University of Ko\u0161ice<\/p>\n<p class=\"has-text-align-center has-primary-color has-text-color has-link-color wp-elements-a989b6d0e84dde1319b3db12295be293\">This Workshop is support by\u00a0<strong>Visegrad Fund No.\u00a022530090 \u201eV4 EnergyNet: Academic Networking for Renewable Energy and Smart Power Systems\u201c<\/strong><\/p>\n<p class=\"has-text-align-center has-primary-color has-text-color has-link-color wp-elements-0603440bf48d3d828d57cfc5372df3a0\">Papers will be published in the scientific and professional journal Elektroenergetika and available online at:\u00a0<a href=\"https:\/\/jeen.fei.tuke.sk\/index.php\/jeen\">http:\/\/jeen.fei.tuke.sk\/index.php\/jeen<\/a>.<\/p>\n<p class=\"has-text-align-center has-primary-color has-text-color has-link-color wp-elements-5b75e6ec408515d66af2cc3dcb6a7a82\">Those authors who want to publish their contribution, are kindly asked to submit the paper according to the requirements of the journal Elektroenergetika. Please, consult the\u00a0<a href=\"http:\/\/jeen.fei.tuke.sk\/index.php\/jeen\/about\/submissions\"><strong>instructions for authors<\/strong><\/a>\u00a0on the journal webpage. Here is avalaible the\u00a0<strong><a href=\"http:\/\/jeen.fei.tuke.sk\/files\/journals\/1\/EEN-style_sk.doc\" target=\"_blank\" rel=\"noreferrer noopener\">template<\/a><\/strong>\u00a0for the journal.<\/p>\n<div class=\"wp-block-group has-base-background-color has-background has-global-padding is-layout-constrained wp-container-core-group-is-layout-7f4d2eab wp-block-group-is-layout-constrained\">\n<p class=\"has-background\">\n<\/div>\n<h2 class=\"wp-block-heading\">Workshop schedule<\/h2>\n<h3 class=\"wp-block-heading\"><strong>1. Day | Monday, 16. 3. 2026<\/strong><\/h3>\n<div class=\"wp-block-group has-base-background-color has-background has-global-padding is-layout-constrained wp-container-core-group-is-layout-7f4d2eab wp-block-group-is-layout-constrained\">\n<div class=\"wp-block-group has-background is-vertical is-content-justification-center is-layout-flex wp-container-core-group-is-layout-b6c1f246 wp-block-group-is-layout-flex\">\n<p>&nbsp;<\/p>\n<\/div>\n<figure class=\"wp-block-table\">\n<table>\n<tbody>\n<tr>\n<td>13:00\u201314:45<\/td>\n<td>Arrival, registration and accommodation<\/td>\n<\/tr>\n<tr>\n<td>15:00\u201315:15<\/td>\n<td><strong>Workshop opening ceremony<\/strong><\/td>\n<\/tr>\n<tr>\n<td>15:15\u201316:30<\/td>\n<td><strong>Project workshop Visegrad project<\/strong><\/td>\n<\/tr>\n<tr>\n<td>16:30-17:00<\/td>\n<td><strong>Coffee break<\/strong><\/td>\n<\/tr>\n<tr>\n<td>17:00\u201318:30<\/td>\n<td><strong>Project workshop Visegrad project<\/strong><\/td>\n<\/tr>\n<tr>\n<td>18:30<\/td>\n<td>Gala evening and networking<\/td>\n<\/tr>\n<\/tbody>\n<\/table>\n<\/figure>\n<p class=\"has-background\">\n<\/div>\n<h3 class=\"wp-block-heading\"><strong>2. Day | Tuesday, 17. 3. 2026<\/strong><\/h3>\n<div class=\"wp-block-group has-base-background-color has-background has-global-padding is-layout-constrained wp-container-core-group-is-layout-7f4d2eab wp-block-group-is-layout-constrained\">\n<div class=\"wp-block-group has-background is-vertical is-content-justification-center is-layout-flex wp-container-core-group-is-layout-b6c1f246 wp-block-group-is-layout-flex\">\n<p>&nbsp;<\/p>\n<\/div>\n<figure class=\"wp-block-table is-style-regular\">\n<table>\n<tbody>\n<tr>\n<td>07:30\u201308:30<\/td>\n<td>Breakfast<\/td>\n<\/tr>\n<tr>\n<td>09:00\u201312:00<\/td>\n<td><strong>Section A: Visegrad Fund V4<\/strong><\/td>\n<\/tr>\n<tr>\n<td>12:00\u201313:00<\/td>\n<td>Lunch<\/td>\n<\/tr>\n<tr>\n<td>13:00\u201318:00<\/td>\n<td><strong>Section A: Visegrad Fund V4<\/strong><\/td>\n<\/tr>\n<tr>\n<td>18:00<\/td>\n<td>Dinner and informal networking<\/td>\n<\/tr>\n<\/tbody>\n<\/table>\n<\/figure>\n<p class=\"has-background\">\n<\/div>\n<h3 class=\"wp-block-heading\"><strong>3. Day | Wednesday, 18. 3. 2026<\/strong><\/h3>\n<div class=\"wp-block-group has-base-background-color has-background has-global-padding is-layout-constrained wp-container-core-group-is-layout-7f4d2eab wp-block-group-is-layout-constrained\">\n<div class=\"wp-block-group has-background is-vertical is-content-justification-center is-layout-flex wp-container-core-group-is-layout-b6c1f246 wp-block-group-is-layout-flex\">\n<p>&nbsp;<\/p>\n<\/div>\n<figure class=\"wp-block-table\">\n<table>\n<tbody>\n<tr>\n<td>08:00\u201309:00<\/td>\n<td>Breakfast<\/td>\n<\/tr>\n<tr>\n<td>09:00-90:20<\/td>\n<td>First results of the Visegrad Fund project<\/td>\n<\/tr>\n<tr>\n<td>09:20\u201309:45<\/td>\n<td>Panel discussion: Synergy of Visegrad V4 with Interreg V4GRID<\/td>\n<\/tr>\n<tr>\n<td>10:30<\/td>\n<td>Official closing and closing remarks<\/td>\n<\/tr>\n<tr>\n<td><\/td>\n<td><\/td>\n<\/tr>\n<tr>\n<td><\/td>\n<td><\/td>\n<\/tr>\n<\/tbody>\n<\/table>\n<\/figure>\n<p class=\"has-background\">\n<\/div>\n<h2 class=\"wp-block-heading\"><strong>Program<\/strong><\/h2>\n<h3 class=\"wp-block-heading\"><strong>1. DE\u0147 | Monday, 16. 3. 2026, 15:00 \u2013 18:00<\/strong><\/h3>\n<h4 class=\"wp-block-heading\">Chairman: Marek Pavl\u00edk, Technical University in Ko\u0161ice<\/h4>\n<div class=\"wp-block-group has-base-background-color has-background has-global-padding is-layout-constrained wp-container-core-group-is-layout-7f4d2eab wp-block-group-is-layout-constrained\">\n<div class=\"wp-block-group has-background is-vertical is-content-justification-center is-layout-flex wp-container-core-group-is-layout-b6c1f246 wp-block-group-is-layout-flex\">\n<p>&nbsp;<\/p>\n<\/div>\n<figure class=\"wp-block-table\">\n<table>\n<tbody>\n<tr>\n<td><strong>Time\/Presenter<\/strong><\/td>\n<td><strong>Presentation title<\/strong><\/td>\n<\/tr>\n<tr>\n<td><strong>15:00\u201315:30<\/strong><br \/>\n<strong>Marek Pavl\u00edk<\/strong><br \/>\n<a href=\"https:\/\/tuke.sk\/en\" target=\"_blank\" rel=\"noreferrer noopener\">Technical university od Ko\u0161ice<\/a><\/td>\n<td><strong>Workshop opening ceremony<\/strong><\/td>\n<\/tr>\n<tr>\n<td><strong>15:15-16:00<\/strong><br \/>\n<strong>Marek Pavl\u00edk<\/strong><br \/>\n<a href=\"https:\/\/tuke.sk\/en\" target=\"_blank\" rel=\"noreferrer noopener\">Technical university od Ko\u0161ice<\/a><\/td>\n<td><b>Information: Visegrad Fund No. 22530090 V4 EnergyNet: Academic Networking for Renewable Energy and Smart Power Systems<\/b><\/td>\n<\/tr>\n<tr>\n<td><\/td>\n<td><\/td>\n<\/tr>\n<tr>\n<td><\/td>\n<td><\/td>\n<\/tr>\n<tr>\n<td><strong>16:00-16:15<\/strong><br \/>\n<strong>Marek Pavlik<\/strong><br \/>\n<a href=\"https:\/\/tuke.sk\/en\" target=\"_blank\" rel=\"noreferrer noopener\">Technical university od Ko\u0161ice<\/a><\/td>\n<td><b>Analysis of electricity Price in EU<\/b><\/td>\n<\/tr>\n<tr>\n<td><strong>16:15-16:30<\/strong><br \/>\n<strong>Franti\u0161ek Kurimsk\u00fd<\/strong><br \/>\n<a href=\"https:\/\/tuke.sk\/en\" target=\"_blank\" rel=\"noreferrer noopener\">Technical university od Ko\u0161ice<\/a><\/td>\n<td><strong>Benford\u00b4s law in electricity price<\/strong>.<\/td>\n<\/tr>\n<tr>\n<td><strong>16:30\u201317:00<\/strong><\/td>\n<td><strong>Coffee break<\/strong><\/td>\n<\/tr>\n<tr>\n<td><strong>17:00 \u2013 18:00<\/strong><br \/>\n<strong>Marek Pavl\u00edk<\/strong><br \/>\n<a href=\"https:\/\/tuke.sk\/en\" target=\"_blank\" rel=\"noreferrer noopener\">Technical university od Ko\u0161ice<\/a><br \/>\n<strong>Radom\u00edr Go\u0148o<\/strong><br \/>\n<a href=\"https:\/\/www.vsb.cz\/en\" target=\"_blank\" rel=\"noreferrer noopener\"><span dir=\"auto\">Technical University of Ostrava<\/span><\/a><br \/>\n<strong><span dir=\"auto\">Damian Mazur<\/span><\/strong><br \/>\n<a href=\"https:\/\/w.prz.edu.pl\/\" target=\"_blank\" rel=\"noreferrer noopener\"><span dir=\"auto\">Rzeszow university of technology<\/span><\/a><br \/>\n<strong><span dir=\"auto\">Szamosi Zolt\u00e1n<\/span><\/strong><br \/>\n<a href=\"https:\/\/www.uni-miskolc.hu\/en\/\" target=\"_blank\" rel=\"noreferrer noopener\"><span dir=\"auto\">University of Miskolc<\/span><\/a><\/td>\n<td><strong>Project workshop <b>V4 EnergyNet: Academic Networking for Renewable Energy and Smart Power Systems<\/b><\/strong>.<\/td>\n<\/tr>\n<tr>\n<td><strong>18:00<\/strong><\/td>\n<td><strong>Dinner and networking<\/strong><\/td>\n<\/tr>\n<\/tbody>\n<\/table>\n<\/figure>\n<p class=\"has-background\">\n<\/div>\n<h3 class=\"wp-block-heading\"><strong>2. Day | Tuesday, 17. 3. 2026, 09:00 \u2013 18:00<\/strong><\/h3>\n<h4 class=\"wp-block-heading\">Section A: Visegrad Fund V4: Chairman: doc. Ing. Marek Pavl\u00edk, PhD. MBA., Technical University in Ko\u0161ice<\/h4>\n<div class=\"wp-block-columns are-vertically-aligned-top is-layout-flex wp-container-core-columns-is-layout-f1ca50da wp-block-columns-is-layout-flex\">\n<div class=\"wp-block-column is-vertically-aligned-top is-layout-flow wp-container-core-column-is-layout-e38e6d2d wp-block-column-is-layout-flow\">\n<div class=\"wp-block-group has-base-background-color has-background has-global-padding is-layout-constrained wp-container-core-group-is-layout-da604d14 wp-block-group-is-layout-constrained\">\n<div class=\"wp-block-group has-base-background-color has-background has-global-padding is-layout-constrained wp-container-core-group-is-layout-da604d14 wp-block-group-is-layout-constrained\">\n<table>\n<tbody>\n<tr>\n<td><strong><span dir=\"auto\">Time<\/span><\/strong><\/td>\n<td><strong><span dir=\"auto\">Presentation title\/Presenter<\/span><span dir=\"auto\">\u00a0\/\u00a0<\/span><span dir=\"auto\">Affiliation<\/span><\/strong><\/td>\n<\/tr>\n<tr>\n<td><strong><span dir=\"auto\">09:00-09:25<\/span><\/strong><\/td>\n<td><strong><span dir=\"auto\">Damian Mazur,\u00a0<\/span><\/strong><strong><span dir=\"auto\">Wojciech Szot<\/span><\/strong><br \/>\n<a href=\"https:\/\/w.prz.edu.pl\/\" target=\"_blank\" rel=\"noreferrer noopener\"><span dir=\"auto\">Rzeszow university of technology<\/span><\/a><br \/>\n<strong><span dir=\"auto\">AI management of power storage in modern Smart City.<\/span><\/strong><\/td>\n<\/tr>\n<tr>\n<td><strong><span dir=\"auto\">09:25-09:50<\/span><\/strong><\/td>\n<td><strong><span dir=\"auto\">Grzegorz Dra\u0142us<\/span><\/strong><br \/>\n<a href=\"https:\/\/w.prz.edu.pl\/\" target=\"_blank\" rel=\"noreferrer noopener\"><span dir=\"auto\">Rzesz\u00f3w University of Technology<\/span><\/a><br \/>\n<strong><span dir=\"auto\">Application of selected machine learning methods to forecast electricity production by photovoltaic farms, taking into account the impact of air pollution.<\/span><\/strong><\/td>\n<\/tr>\n<tr>\n<td><strong><span dir=\"auto\">09:50-10:15<\/span><\/strong><\/td>\n<td><strong><span dir=\"auto\">Kumar Baibhaw<\/span><\/strong><br \/>\n<a href=\"https:\/\/www.uni-miskolc.hu\/en\/\" target=\"_blank\" rel=\"noreferrer noopener\"><span dir=\"auto\">University of Miskolc<\/span><\/a><br \/>\n<strong><span dir=\"auto\">Integration of underground hydrogen storage into the electricity grid<\/span><\/strong><span dir=\"auto\">\u00a0.<\/span><\/td>\n<\/tr>\n<tr>\n<td><strong><span dir=\"auto\">10:20\u201310:40<\/span><\/strong><\/td>\n<td><strong><span dir=\"auto\">Coffee Break<\/span><\/strong><\/td>\n<\/tr>\n<tr>\n<td><strong><span dir=\"auto\">10:40\u201311:00<\/span><\/strong><\/td>\n<td><strong><span dir=\"auto\">Tom\u00e1\u0161 Nov\u00e1k<\/span><\/strong><br \/>\n<a href=\"https:\/\/www.vsb.cz\/en\" target=\"_blank\" rel=\"noreferrer noopener\"><span dir=\"auto\">Technical University of Ostrava<\/span><\/a><br \/>\n<strong><span dir=\"auto\">Experience with Light Pollution Issues in the Czech Republic.<\/span><\/strong><\/td>\n<\/tr>\n<tr>\n<td><strong><span dir=\"auto\">11:00\u201311:20<\/span><\/strong><\/td>\n<td><strong><span dir=\"auto\">Petr Ka\u010dor<\/span><\/strong><br \/>\n<a href=\"https:\/\/www.vsb.cz\/en\" target=\"_blank\" rel=\"noreferrer noopener\"><span dir=\"auto\">Technical University of Ostrava<\/span><\/a><br \/>\n<strong style=\"font-family: inherit; font-size: inherit;\"><span dir=\"auto\">Online and Offline Diagnostics of Asynchronous Machines and Low-Voltage Circuit Breakers.<\/span><\/strong><strong><span dir=\"auto\"><br \/>\n<\/span><\/strong><\/td>\n<\/tr>\n<tr>\n<td><strong><span dir=\"auto\">11:20\u201311:40<\/span><\/strong><\/td>\n<td><strong><span dir=\"auto\">Radom\u00edr Go\u0148o<\/span><\/strong><span dir=\"auto\">\u00a0,\u00a0<\/span><strong><span dir=\"auto\">Miroslava Go\u0148o<\/span><\/strong><br \/>\n<a href=\"https:\/\/www.vsb.cz\/en\" target=\"_blank\" rel=\"noreferrer noopener\"><span dir=\"auto\">Technical University of Ostrava<\/span><\/a><br \/>\n<strong><span dir=\"auto\">Reliability analysis of modern distribution systems with a high share of renewable energy.<\/span><\/strong><\/td>\n<\/tr>\n<tr>\n<td><strong><span dir=\"auto\">11:40\u201312:00<\/span><\/strong><\/td>\n<td><strong><span dir=\"auto\">Discussion panel<\/span><\/strong><\/td>\n<\/tr>\n<tr>\n<td><strong><span dir=\"auto\">12:00\u201313:00<\/span><\/strong><\/td>\n<td><strong><span dir=\"auto\">Lunch together<\/span><\/strong><\/td>\n<\/tr>\n<tr>\n<td><strong><span dir=\"auto\">1:00 PM\u20131:20 PM<\/span><\/strong><\/td>\n<td><strong><span dir=\"auto\">Karolina Kossowska, Damian Mazur,<\/span><\/strong><br \/>\n<a href=\"https:\/\/w.prz.edu.pl\/\" target=\"_blank\" rel=\"noreferrer noopener\"><span dir=\"auto\">Rzeszow university of technology<\/span><\/a><br \/>\n<strong><span dir=\"auto\">AI optimization of MCPN traffic lights model using car plates.<\/span><\/strong><\/td>\n<\/tr>\n<tr>\n<td><strong><span dir=\"auto\">1:20 PM\u20131:40 PM<\/span><\/strong><\/td>\n<td><strong><span dir=\"auto\">Dusan Medved<\/span><\/strong><br \/>\n<a href=\"https:\/\/tuke.sk\/en\" target=\"_blank\" rel=\"noreferrer noopener\"><span dir=\"auto\">Technical University of Ko\u0161ice<\/span><\/a><br \/>\n<strong><span dir=\"auto\">Dynamic load management in internet networks.<\/span><\/strong><\/td>\n<\/tr>\n<tr>\n<td><strong><span dir=\"auto\">1:40 PM\u20132:00 PM<\/span><\/strong><\/td>\n<td><strong><span dir=\"auto\">Bogdan Kwiatkowski<\/span><\/strong><br \/>\n<a href=\"https:\/\/w.prz.edu.pl\/\" target=\"_blank\" rel=\"noreferrer noopener\"><span dir=\"auto\">Rzesz\u00f3w University of Technology<\/span><\/a><br \/>\n<strong><span dir=\"auto\">Optimization of CNC machine control algorithms with respect to production cycle time.<\/span><\/strong><\/td>\n<\/tr>\n<tr>\n<td><strong><span dir=\"auto\">14:00\u201314:20<\/span><\/strong><\/td>\n<td><strong><span dir=\"auto\">Szamosi Zolt\u00e1n<\/span><\/strong><br \/>\n<a href=\"https:\/\/www.uni-miskolc.hu\/en\/\" target=\"_blank\" rel=\"noreferrer noopener\"><span dir=\"auto\">University of Miskolc<\/span><\/a><br \/>\n<strong><span dir=\"auto\">Decentralized electricity production from low-potential thermal sources.<\/span><\/strong><\/td>\n<\/tr>\n<tr>\n<td><strong><span dir=\"auto\">14:20\u201314:40<\/span><\/strong><\/td>\n<td><strong><span dir=\"auto\">Stefan Hardon<\/span><\/strong><br \/>\n<a href=\"https:\/\/www.uniza.sk\/index.php\" target=\"_blank\" rel=\"noreferrer noopener\"><span dir=\"auto\">University of \u017dilina<\/span><\/a><br \/>\n<strong><span dir=\"auto\">Nanocomposite dielectric systems: The future of insulation in power engineering<\/span><\/strong><span dir=\"auto\">\u00a0.<\/span><\/td>\n<\/tr>\n<tr>\n<td><strong><span dir=\"auto\">14:40-15:00<\/span><\/strong><\/td>\n<td><strong><span dir=\"auto\">Coffee Break<\/span><\/strong><\/td>\n<\/tr>\n<tr>\n<td><strong><span dir=\"auto\">15:00\u201316:00<\/span><\/strong><\/td>\n<td><strong><span dir=\"auto\">Discussion on future challenges of the V4<\/span><\/strong><\/td>\n<\/tr>\n<tr>\n<td><strong><span dir=\"auto\">16:00-16:24\u00a0<\/span><\/strong><\/td>\n<td><strong><span dir=\"auto\">Joseph Kiraly<\/span><\/strong><br \/>\n<a href=\"https:\/\/tuke.sk\/en\" target=\"_blank\" rel=\"noreferrer noopener\"><span dir=\"auto\">Technical University of Ko\u0161ice<\/span><\/a><br \/>\n<strong><span dir=\"auto\">Modeling of decentralized resources in DS.<\/span><\/strong><\/td>\n<\/tr>\n<tr>\n<td><strong><span dir=\"auto\">16:24-16:48<\/span><\/strong><\/td>\n<td><strong>Katalin Voith, M\u00e1t\u00e9 Petrik<\/strong><br \/>\n<a href=\"https:\/\/www.uni-miskolc.hu\/en\/\" target=\"_blank\" rel=\"noreferrer noopener\"><span dir=\"auto\">University of Miskolc<\/span><\/a><br \/>\n<b>Green energy in electric power engineering<\/b><\/td>\n<\/tr>\n<tr>\n<td><strong><span dir=\"auto\">16:48-17:12<\/span><\/strong><\/td>\n<td><strong><span dir=\"auto\">Jaroslav Petr\u00e1\u0161<\/span><\/strong><br \/>\n<a href=\"https:\/\/tuke.sk\/en\" target=\"_blank\" rel=\"noreferrer noopener\"><span dir=\"auto\">Technical University of Ko\u0161ice<\/span><\/a><br \/>\n<strong><span dir=\"auto\">Reinforcement learning in smart buildings.<\/span><\/strong><\/td>\n<\/tr>\n<tr>\n<td><strong><span dir=\"auto\">17:12-17:36<\/span><\/strong><\/td>\n<td><strong><span dir=\"auto\">Mari\u00e1n Janek<\/span><\/strong><br \/>\n<a href=\"https:\/\/www.uniza.sk\/index.php\" target=\"_blank\" rel=\"noreferrer noopener\"><span dir=\"auto\">University of \u017dilina<\/span><\/a><br \/>\n<strong>Surface Impulse Discharge Effects on Power Insulation and Electro-Pulse Boring.<\/strong><\/td>\n<\/tr>\n<tr>\n<td><strong><span dir=\"auto\">17:36-18:00<\/span><\/strong><\/td>\n<td><strong><span dir=\"auto\">Joseph Kudelcik<\/span><\/strong><br \/>\n<a href=\"https:\/\/www.uniza.sk\/index.php\" target=\"_blank\" rel=\"noreferrer noopener\"><span dir=\"auto\">University of \u017dilina<\/span><\/a><br \/>\n<strong><span dir=\"auto\">Influence of magnetic nanoparticles on the dielectric properties of transformer oils.<\/span><\/strong><\/td>\n<\/tr>\n<tr>\n<td><strong><span dir=\"auto\">17:36-18:00<\/span><\/strong><\/td>\n<td><strong><span dir=\"auto\">Samuel Bucko<\/span><\/strong><br \/>\n<a href=\"https:\/\/tuke.sk\/en\" target=\"_blank\" rel=\"noreferrer noopener\"><span dir=\"auto\">Technical University of Ko\u0161ice<\/span><\/a><br \/>\n<strong><span dir=\"auto\">Dielectric diagnostics of insulation systems of high-power charging stations.<\/span><\/strong><\/td>\n<\/tr>\n<tr>\n<td><strong><span dir=\"auto\">18:00<\/span><\/strong><\/td>\n<td><strong><span dir=\"auto\">Dinner and networking<\/span><\/strong><\/td>\n<\/tr>\n<\/tbody>\n<\/table>\n<\/div>\n<\/div>\n<\/div>\n<div class=\"wp-block-column is-vertically-aligned-top is-layout-flow wp-block-column-is-layout-flow\">\n<div class=\"wp-block-group has-base-background-color has-background has-global-padding is-layout-constrained wp-container-core-group-is-layout-da604d14 wp-block-group-is-layout-constrained\">\n<div class=\"wp-block-group has-background is-vertical is-content-justification-center is-layout-flex wp-container-core-group-is-layout-b6c1f246 wp-block-group-is-layout-flex\"><\/div>\n<p class=\"has-background\"><strong>3. DE\u0147 | Streda, 18. 3. 2026, 09:00 \u2013 10:30<\/strong><\/p>\n<\/div>\n<\/div>\n<\/div>\n<div class=\"wp-block-group has-base-background-color has-background has-global-padding is-layout-constrained wp-container-core-group-is-layout-7f4d2eab wp-block-group-is-layout-constrained\">\n<div class=\"wp-block-group has-background is-vertical is-content-justification-center is-layout-flex wp-container-core-group-is-layout-b6c1f246 wp-block-group-is-layout-flex\">\n<p>&nbsp;<\/p>\n<\/div>\n<figure class=\"wp-block-table\">\n<table>\n<tbody>\n<tr>\n<td><strong>Time\/Presenter<\/strong><\/td>\n<td><strong>Presentation title<\/strong><\/td>\n<\/tr>\n<tr>\n<td><strong>08:00\u201309:00<\/strong><\/td>\n<td><strong>Breakfast a check-out<\/strong><\/td>\n<\/tr>\n<tr>\n<td><strong>09:00\u201309:20<\/strong><br \/>\n<strong>Tomasz Kossowski<\/strong><br \/>\n<a href=\"https:\/\/w.prz.edu.pl\/\" target=\"_blank\" rel=\"noreferrer noopener\">Rzesz\u00f3w University of Technology<\/a><br \/>\n<strong>Marek Pavl\u00edk<\/strong><br \/>\n<a href=\"https:\/\/tuke.sk\/en\" target=\"_blank\" rel=\"noreferrer noopener\"><span dir=\"auto\">Technical University of Ko\u0161ice<\/span><\/a><br \/>\n<strong>Miroslava Go\u0148o<\/strong><br \/>\n<a href=\"https:\/\/www.vsb.cz\/en\" target=\"_blank\" rel=\"noreferrer noopener\"><span dir=\"auto\">Technical University of Ostrava<\/span><\/a><br \/>\n<strong>Marek Miltner<\/strong><br \/>\n<a href=\"https:\/\/ekonom.fel.cvut.cz\/en\/about-us\" target=\"_blank\" rel=\"noreferrer noopener\">\u010cesk\u00e9 vysok\u00e9 u\u010den\u00ed technick\u00e9 v Praze<\/a><\/td>\n<td><strong>Next steps of Visegrad fund project: \u201cV4 EnergyNet: Academic Networking for Renewable Energy and Smart Power Systems.\u201d<\/strong><\/td>\n<\/tr>\n<tr>\n<td><strong>09:20-09:45<\/strong><\/td>\n<td><strong>Panel discussion: V4 EnergyNet: Academic Networking for Renewable Energy and Smart Power Systems<\/strong><\/td>\n<\/tr>\n<tr>\n<td><strong>09:45\u201310:05<\/strong><br \/>\n<strong>Marek Pavl\u00edk<\/strong><br \/>\n<a href=\"https:\/\/tuke.sk\/en\" target=\"_blank\" rel=\"noreferrer noopener\"><span dir=\"auto\">Technical University of Ko\u0161ice<\/span><\/a><br \/>\n<strong><span dir=\"auto\">Damian Mazur<\/span><\/strong><br \/>\n<a href=\"https:\/\/w.prz.edu.pl\/\" target=\"_blank\" rel=\"noreferrer noopener\"><span dir=\"auto\">Rzeszow university of technology<\/span><\/a><\/td>\n<td><strong>Future publishing activity: &#8222;V4 EnergyNet: Academic Networking for Renewable Energy and Smart Power Systems.&#8220;<\/strong><\/td>\n<\/tr>\n<tr>\n<td><strong>10:05-10:30<\/strong><\/td>\n<td><strong>Panel discussion: Future activities<\/strong><\/td>\n<\/tr>\n<tr>\n<td><strong>10:30<\/strong><\/td>\n<td><strong>Official end of the workshop<\/strong><\/td>\n<\/tr>\n<\/tbody>\n<\/table>\n<\/figure>\n<\/div>\n","protected":false},"excerpt":{"rendered":"<p>Smart Power Systems Collaboration &amp; Integration Workshop 16.03.2026 \u2013 18.03.2026 Hotel Kontakt, Star\u00e1 Lesn\u00e1, Slovakia Organizer: Department of Electric Power Engineering, Faculty of Electrical Engineering and Informatics, Technical University of Ko\u0161ice This Workshop is support by\u00a0Visegrad Fund No.\u00a022530090 \u201eV4 EnergyNet: Academic Networking for Renewable Energy and Smart Power Systems\u201c Papers will be published in the &hellip; <\/p>\n","protected":false},"author":1,"featured_media":0,"parent":0,"menu_order":0,"comment_status":"closed","ping_status":"closed","template":"","meta":{"footnotes":""},"class_list":["post-54","page","type-page","status-publish","hentry"],"_links":{"self":[{"href":"https:\/\/marek.pavlik.website.tuke.sk\/index.php?rest_route=\/wp\/v2\/pages\/54","targetHints":{"allow":["GET"]}}],"collection":[{"href":"https:\/\/marek.pavlik.website.tuke.sk\/index.php?rest_route=\/wp\/v2\/pages"}],"about":[{"href":"https:\/\/marek.pavlik.website.tuke.sk\/index.php?rest_route=\/wp\/v2\/types\/page"}],"author":[{"embeddable":true,"href":"https:\/\/marek.pavlik.website.tuke.sk\/index.php?rest_route=\/wp\/v2\/users\/1"}],"replies":[{"embeddable":true,"href":"https:\/\/marek.pavlik.website.tuke.sk\/index.php?rest_route=%2Fwp%2Fv2%2Fcomments&post=54"}],"version-history":[{"count":14,"href":"https:\/\/marek.pavlik.website.tuke.sk\/index.php?rest_route=\/wp\/v2\/pages\/54\/revisions"}],"predecessor-version":[{"id":71,"href":"https:\/\/marek.pavlik.website.tuke.sk\/index.php?rest_route=\/wp\/v2\/pages\/54\/revisions\/71"}],"wp:attachment":[{"href":"https:\/\/marek.pavlik.website.tuke.sk\/index.php?rest_route=%2Fwp%2Fv2%2Fmedia&parent=54"}],"curies":[{"name":"wp","href":"https:\/\/api.w.org\/{rel}","templated":true}]}}