{"id":2,"date":"2024-01-19T08:45:11","date_gmt":"2024-01-19T08:45:11","guid":{"rendered":"https:\/\/marek.pavlik.website.tuke.sk\/?page_id=2"},"modified":"2026-01-08T08:24:09","modified_gmt":"2026-01-08T08:24:09","slug":"sample-page","status":"publish","type":"page","link":"https:\/\/marek.pavlik.website.tuke.sk\/?page_id=2","title":{"rendered":"About Me"},"content":{"rendered":"\r\n<h3><strong>Doc. Ing. Marek Pavl\u00edk, PhD., MBA<\/strong><\/h3>\r\n<p>email: marek[dot]pavlik[at]tuke[dot]sk<\/p>\r\n<p>&nbsp;<\/p>\r\n<p><strong>VZDEL\u00c1VANIE A ODBORN\u00c1 PR\u00cdPRAVA<\/strong><\/p>\r\n<p>01\/09\/2011 \u2013 15\/01\/2015 Ko\u0161ice, Slovensko<br \/>PHD. &#8211; ELEKTROENERGETIKA Technick\u00e1 univerzita v Ko\u0161iciach, Letn\u00e1 9, Ko\u0161ice; Fakulta<br \/>elektrotechniky a informatiky<\/p>\r\n<p><br \/>01\/09\/2008 \u2013 31\/08\/2010 Ko\u0161ice, Slovensko<br \/>ING. &#8211; ELEKTROENERGETIKA Technick\u00e1 univerzita v Ko\u0161iciach, Letn\u00e1 9, Ko\u0161ice; Fakulta<br \/>elektrotechniky a informatiky<br \/><br \/>01\/09\/2005 \u2013 31\/08\/2008 Ko\u0161ice, Slovensko<br \/>BC. &#8211; ELEKTROENERGETIKA Technick\u00e1 univerzita v Ko\u0161iciach, Letn\u00e1 9, Ko\u0161ice; Fakulta<br \/>elektrotechniky a informatiky<br \/><br \/>01\/09\/2001 \u2013 31\/08\/2005 Michalovce, Slovensko<br \/>STREDO\u0160KOLSK\u00c9 \u0160T\u00daDIUM V ODBORE V\u00ddKONOV\u00c1 ELEKTRONIKA<\/p>\r\n<p>&nbsp;<\/p>\r\n<p>&nbsp;<\/p>","protected":false},"excerpt":{"rendered":"<p>Doc. Ing. Marek Pavl\u00edk, PhD., MBA email: marek[dot]pavlik[at]tuke[dot]sk &nbsp; VZDEL\u00c1VANIE A ODBORN\u00c1 PR\u00cdPRAVA 01\/09\/2011 \u2013 15\/01\/2015 Ko\u0161ice, SlovenskoPHD. &#8211; ELEKTROENERGETIKA Technick\u00e1 univerzita v Ko\u0161iciach, Letn\u00e1 9, Ko\u0161ice; Fakultaelektrotechniky a informatiky 01\/09\/2008 \u2013 31\/08\/2010 Ko\u0161ice, SlovenskoING. &#8211; ELEKTROENERGETIKA Technick\u00e1 univerzita v Ko\u0161iciach, Letn\u00e1 9, Ko\u0161ice; Fakultaelektrotechniky a informatiky 01\/09\/2005 \u2013 31\/08\/2008 Ko\u0161ice, SlovenskoBC. &#8211; ELEKTROENERGETIKA Technick\u00e1 &hellip; <\/p>\n","protected":false},"author":1,"featured_media":0,"parent":0,"menu_order":0,"comment_status":"closed","ping_status":"open","template":"","meta":{"footnotes":""},"class_list":["post-2","page","type-page","status-publish","hentry"],"_links":{"self":[{"href":"https:\/\/marek.pavlik.website.tuke.sk\/index.php?rest_route=\/wp\/v2\/pages\/2","targetHints":{"allow":["GET"]}}],"collection":[{"href":"https:\/\/marek.pavlik.website.tuke.sk\/index.php?rest_route=\/wp\/v2\/pages"}],"about":[{"href":"https:\/\/marek.pavlik.website.tuke.sk\/index.php?rest_route=\/wp\/v2\/types\/page"}],"author":[{"embeddable":true,"href":"https:\/\/marek.pavlik.website.tuke.sk\/index.php?rest_route=\/wp\/v2\/users\/1"}],"replies":[{"embeddable":true,"href":"https:\/\/marek.pavlik.website.tuke.sk\/index.php?rest_route=%2Fwp%2Fv2%2Fcomments&post=2"}],"version-history":[{"count":7,"href":"https:\/\/marek.pavlik.website.tuke.sk\/index.php?rest_route=\/wp\/v2\/pages\/2\/revisions"}],"predecessor-version":[{"id":49,"href":"https:\/\/marek.pavlik.website.tuke.sk\/index.php?rest_route=\/wp\/v2\/pages\/2\/revisions\/49"}],"wp:attachment":[{"href":"https:\/\/marek.pavlik.website.tuke.sk\/index.php?rest_route=%2Fwp%2Fv2%2Fmedia&parent=2"}],"curies":[{"name":"wp","href":"https:\/\/api.w.org\/{rel}","templated":true}]}}